{"id":14,"date":"2024-04-16T19:14:53","date_gmt":"2024-04-16T19:14:53","guid":{"rendered":"http:\/\/www.pasons.cz\/?page_id=14"},"modified":"2024-04-16T19:38:05","modified_gmt":"2024-04-16T19:38:05","slug":"nase-sluzby","status":"publish","type":"page","link":"https:\/\/www.pasons.cz\/?page_id=14","title":{"rendered":"NA\u0160E SLU\u017dBY"},"content":{"rendered":"\n<ul>\n<li>zemn\u00ed pr\u00e1ce<\/li>\n\n\n\n<li>autodoprava<\/li>\n\n\n\n<li>demolice<\/li>\n\n\n\n<li>prov\u00e1d\u011bn\u00ed staveb<\/li>\n\n\n\n<li>p\u0159\u00edpravn\u00e9 pr\u00e1ce pro stavby<\/li>\n<\/ul>\n","protected":false},"excerpt":{"rendered":"","protected":false},"author":1,"featured_media":0,"parent":0,"menu_order":0,"comment_status":"closed","ping_status":"closed","template":"","meta":{"footnotes":""},"_links":{"self":[{"href":"https:\/\/www.pasons.cz\/index.php?rest_route=\/wp\/v2\/pages\/14"}],"collection":[{"href":"https:\/\/www.pasons.cz\/index.php?rest_route=\/wp\/v2\/pages"}],"about":[{"href":"https:\/\/www.pasons.cz\/index.php?rest_route=\/wp\/v2\/types\/page"}],"author":[{"embeddable":true,"href":"https:\/\/www.pasons.cz\/index.php?rest_route=\/wp\/v2\/users\/1"}],"replies":[{"embeddable":true,"href":"https:\/\/www.pasons.cz\/index.php?rest_route=%2Fwp%2Fv2%2Fcomments&post=14"}],"version-history":[{"count":2,"href":"https:\/\/www.pasons.cz\/index.php?rest_route=\/wp\/v2\/pages\/14\/revisions"}],"predecessor-version":[{"id":34,"href":"https:\/\/www.pasons.cz\/index.php?rest_route=\/wp\/v2\/pages\/14\/revisions\/34"}],"wp:attachment":[{"href":"https:\/\/www.pasons.cz\/index.php?rest_route=%2Fwp%2Fv2%2Fmedia&parent=14"}],"curies":[{"name":"wp","href":"https:\/\/api.w.org\/{rel}","templated":true}]}}