{"id":2,"date":"2024-04-15T20:37:43","date_gmt":"2024-04-15T20:37:43","guid":{"rendered":"http:\/\/www.pasons.cz\/?page_id=2"},"modified":"2024-04-16T19:37:34","modified_gmt":"2024-04-16T19:37:34","slug":"sample-page","status":"publish","type":"page","link":"https:\/\/www.pasons.cz\/","title":{"rendered":"KONTAKT"},"content":{"rendered":"\n<p>Pasons CZ, s.r.o.<br>Horn\u00ed Stud\u00e9nky 17, <br>789 01 Z\u00e1b\u0159eh<\/p>\n\n\n\n<p>I\u010cO: 27842789<\/p>\n\n\n\n<p><strong>Jednatel:<\/strong><br>Jaroslav Papou\u0161ek<br>GSM: +420 603 522 758<br>E-mail: jaroslav.papousek@seznam.cz<\/p>\n\n\n\n<p><\/p>\n\n\n\n<p><\/p>\n","protected":false},"excerpt":{"rendered":"<p>Pasons CZ, s.r.o.Horn\u00ed Stud\u00e9nky 17, 789 01 Z\u00e1b\u0159eh I\u010cO: 27842789 Jednatel:Jaroslav Papou\u0161ekGSM: +420 603 522 758E-mail: jaroslav.papousek@seznam.cz<\/p>\n","protected":false},"author":1,"featured_media":0,"parent":0,"menu_order":0,"comment_status":"closed","ping_status":"open","template":"","meta":{"footnotes":""},"_links":{"self":[{"href":"https:\/\/www.pasons.cz\/index.php?rest_route=\/wp\/v2\/pages\/2"}],"collection":[{"href":"https:\/\/www.pasons.cz\/index.php?rest_route=\/wp\/v2\/pages"}],"about":[{"href":"https:\/\/www.pasons.cz\/index.php?rest_route=\/wp\/v2\/types\/page"}],"author":[{"embeddable":true,"href":"https:\/\/www.pasons.cz\/index.php?rest_route=\/wp\/v2\/users\/1"}],"replies":[{"embeddable":true,"href":"https:\/\/www.pasons.cz\/index.php?rest_route=%2Fwp%2Fv2%2Fcomments&post=2"}],"version-history":[{"count":4,"href":"https:\/\/www.pasons.cz\/index.php?rest_route=\/wp\/v2\/pages\/2\/revisions"}],"predecessor-version":[{"id":33,"href":"https:\/\/www.pasons.cz\/index.php?rest_route=\/wp\/v2\/pages\/2\/revisions\/33"}],"wp:attachment":[{"href":"https:\/\/www.pasons.cz\/index.php?rest_route=%2Fwp%2Fv2%2Fmedia&parent=2"}],"curies":[{"name":"wp","href":"https:\/\/api.w.org\/{rel}","templated":true}]}}